{"id":52,"date":"2024-10-19T17:55:47","date_gmt":"2024-10-19T15:55:47","guid":{"rendered":"https:\/\/stevenlf.fr\/?page_id=52"},"modified":"2024-10-25T19:05:33","modified_gmt":"2024-10-25T17:05:33","slug":"about","status":"publish","type":"page","link":"https:\/\/stevenlf.fr\/index.php\/about\/","title":{"rendered":"\u00c0 propos"},"content":{"rendered":"<p>[et_pb_section fb_built=\u00a0\u00bb1&Prime; fullwidth=\u00a0\u00bbon\u00a0\u00bb _builder_version=\u00a0\u00bb4.27.2&Prime; _module_preset=\u00a0\u00bbdefault\u00a0\u00bb background_image=\u00a0\u00bbhttp:\/\/stevenlf.fr\/wp-content\/uploads\/2024\/10\/d95e593c-80a6-4590-b037-1716e6a31f5a.jpg\u00a0\u00bb background_enable_mask_style=\u00a0\u00bbon\u00a0\u00bb background_mask_style=\u00a0\u00bbcorner-paint\u00a0\u00bb background_mask_color=\u00a0\u00bb#C71F1A\u00a0\u00bb custom_margin=\u00a0\u00bb5px||0px||false|false\u00a0\u00bb animation_style=\u00a0\u00bbfade\u00a0\u00bb global_colors_info=\u00a0\u00bb{}\u00a0\u00bb][et_pb_fullwidth_header title=\u00a0\u00bb\u00c0 propos de moi\u00a0\u00bb scroll_down_icon_size=\u00a0\u00bb41px\u00a0\u00bb background_overlay_color=\u00a0\u00bbRGBA(255,255,255,0)\u00a0\u00bb _builder_version=\u00a0\u00bb4.27.2&Prime; _module_preset=\u00a0\u00bbdefault\u00a0\u00bb background_enable_color=\u00a0\u00bboff\u00a0\u00bb custom_padding=\u00a0\u00bb17vw||17vw||true|false\u00a0\u00bb global_colors_info=\u00a0\u00bb{}\u00a0\u00bb][\/et_pb_fullwidth_header][\/et_pb_section][et_pb_section fb_built=\u00a0\u00bb1&Prime; _builder_version=\u00a0\u00bb4.27.2&Prime; _module_preset=\u00a0\u00bbdefault\u00a0\u00bb custom_padding=\u00a0\u00bb7px||0px|||\u00a0\u00bb global_colors_info=\u00a0\u00bb{}\u00a0\u00bb][et_pb_row column_structure=\u00a0\u00bb3_5,2_5&Prime; _builder_version=\u00a0\u00bb4.27.2&Prime; _module_preset=\u00a0\u00bbdefault\u00a0\u00bb global_colors_info=\u00a0\u00bb{}\u00a0\u00bb][et_pb_column type=\u00a0\u00bb3_5&Prime; _builder_version=\u00a0\u00bb4.27.2&Prime; _module_preset=\u00a0\u00bbdefault\u00a0\u00bb global_colors_info=\u00a0\u00bb{}\u00a0\u00bb][et_pb_text _builder_version=\u00a0\u00bb4.27.2&Prime; _module_preset=\u00a0\u00bbdefault\u00a0\u00bb global_colors_info=\u00a0\u00bb{}\u00a0\u00bb]<\/p>\n<h2>Steven<\/h2>\n<h2>LE FALHER<\/h2>\n<p>[\/et_pb_text][et_pb_text _builder_version=\u00a0\u00bb4.27.2&Prime; _module_preset=\u00a0\u00bbdefault\u00a0\u00bb custom_margin=\u00a0\u00bb||2px|||\u00a0\u00bb custom_padding=\u00a0\u00bb||40px|||\u00a0\u00bb animation_style=\u00a0\u00bbslide\u00a0\u00bb animation_direction=\u00a0\u00bbleft\u00a0\u00bb global_colors_info=\u00a0\u00bb{}\u00a0\u00bb]<\/p>\n<p style=\"text-align: left;\"><span class=\"OYPEnA font-feature-liga-off font-feature-clig-off font-feature-calt-off text-decoration-none text-strikethrough-none\">Hello, moi c&rsquo;est Steven Le Falher, sp\u00e9cialis\u00e9 <\/span><span class=\"OYPEnA font-feature-liga-off font-feature-clig-off font-feature-calt-off text-decoration-none text-strikethrough-none\">en marketing digital et design graphique, bas\u00e9 \u00e0 Rennes. <\/span><span class=\"OYPEnA font-feature-liga-off font-feature-clig-off font-feature-calt-off text-decoration-none text-strikethrough-none\">Ce portfolio refl\u00e8te mon parcours, mes comp\u00e9tences, et mes projets les plus marquants.<\/span><\/p>\n<p style=\"text-align: left;\"><span class=\"OYPEnA font-feature-liga-off font-feature-clig-off font-feature-calt-off text-decoration-none text-strikethrough-none\"> \u00c0 travers mon exp\u00e9rience en tant que consultant freelance et mes collaborations avec diverses entreprises, j\u2019ai acquis une expertise solide dans des domaines vari\u00e9s, notamment la cr\u00e9ation de strat\u00e9gies digitales, la conception de sites web et la gestion de campagnes publicitaires en ligne.<\/span><\/p>\n<p>[\/et_pb_text][et_pb_button button_url=\u00a0\u00bb@ET-DC@eyJkeW5hbWljIjp0cnVlLCJjb250ZW50IjoicG9zdF9saW5rX3VybF9wYWdlIiwic2V0dGluZ3MiOnsicG9zdF9pZCI6IjU2In19@\u00a0\u00bb button_text=\u00a0\u00bbMe contacter\u00a0\u00bb button_alignment=\u00a0\u00bbcenter\u00a0\u00bb _builder_version=\u00a0\u00bb4.27.2&Prime; _dynamic_attributes=\u00a0\u00bbbutton_url\u00a0\u00bb _module_preset=\u00a0\u00bbdefault\u00a0\u00bb button_icon=\u00a0\u00bb&#x3d;||divi||400&Prime; animation_style=\u00a0\u00bbflip\u00a0\u00bb global_colors_info=\u00a0\u00bb{}\u00a0\u00bb][\/et_pb_button][\/et_pb_column][et_pb_column type=\u00a0\u00bb2_5&Prime; _builder_version=\u00a0\u00bb4.27.2&Prime; _module_preset=\u00a0\u00bbdefault\u00a0\u00bb global_colors_info=\u00a0\u00bb{}\u00a0\u00bb][et_pb_image src=\u00a0\u00bbhttp:\/\/stevenlf.fr\/wp-content\/uploads\/2024\/10\/IMG_6896-scaled.jpeg\u00a0\u00bb title_text=\u00a0\u00bbIMG_6896&Prime; _builder_version=\u00a0\u00bb4.27.2&Prime; _module_preset=\u00a0\u00bbdefault\u00a0\u00bb custom_padding=\u00a0\u00bb||0px|||\u00a0\u00bb animation_style=\u00a0\u00bbfade\u00a0\u00bb border_radii=\u00a0\u00bboff|200px|200px||\u00a0\u00bb global_colors_info=\u00a0\u00bb{}\u00a0\u00bb][\/et_pb_image][\/et_pb_column][\/et_pb_row][et_pb_row _builder_version=\u00a0\u00bb4.27.2&Prime; _module_preset=\u00a0\u00bbdefault\u00a0\u00bb custom_padding=\u00a0\u00bb48px|||||\u00a0\u00bb animation_style=\u00a0\u00bbflip\u00a0\u00bb global_colors_info=\u00a0\u00bb{}\u00a0\u00bb][et_pb_column type=\u00a0\u00bb4_4&Prime; _builder_version=\u00a0\u00bb4.27.2&Prime; _module_preset=\u00a0\u00bbdefault\u00a0\u00bb global_colors_info=\u00a0\u00bb{}\u00a0\u00bb][et_pb_text _builder_version=\u00a0\u00bb4.27.2&Prime; _module_preset=\u00a0\u00bbdefault\u00a0\u00bb global_colors_info=\u00a0\u00bb{}\u00a0\u00bb]<\/p>\n<h2><span style=\"color: #0a0000;\">Mes comp\u00e9tences<\/span><\/h2>\n<p>[\/et_pb_text][ba_skill_bar _builder_version=\u00a0\u00bb4.27.2&Prime; _module_preset=\u00a0\u00bbdefault\u00a0\u00bb global_colors_info=\u00a0\u00bb{}\u00a0\u00bb][ba_skill_bar_child level_bg_color=\u00a0\u00bb#C71F1A\u00a0\u00bb name=\u00a0\u00bbWeb marketing\u00a0\u00bb level=\u00a0\u00bb90%\u00a0\u00bb _builder_version=\u00a0\u00bb4.27.2&Prime; global_colors_info=\u00a0\u00bb{}\u00a0\u00bb][\/ba_skill_bar_child][ba_skill_bar_child level_bg_color=\u00a0\u00bb#C71F1A\u00a0\u00bb name=\u00a0\u00bbSEO\/SEA\u00a0\u00bb level=\u00a0\u00bb40%\u00a0\u00bb _builder_version=\u00a0\u00bb4.27.2&Prime; global_colors_info=\u00a0\u00bb{}\u00a0\u00bb][\/ba_skill_bar_child][ba_skill_bar_child level_bg_color=\u00a0\u00bb#C71F1A\u00a0\u00bb level=\u00a0\u00bb70%\u00a0\u00bb _builder_version=\u00a0\u00bb4.27.2&Prime; global_colors_info=\u00a0\u00bb{}\u00a0\u00bb][\/ba_skill_bar_child][ba_skill_bar_child level_bg_color=\u00a0\u00bb#C71F1A\u00a0\u00bb name=\u00a0\u00bbSME\/SMA\u00a0\u00bb level=\u00a0\u00bb70%\u00a0\u00bb _builder_version=\u00a0\u00bb4.27.2&Prime; global_colors_info=\u00a0\u00bb{}\u00a0\u00bb][\/ba_skill_bar_child][ba_skill_bar_child level_bg_color=\u00a0\u00bb#C71F1A\u00a0\u00bb name=\u00a0\u00bbWeb Design UI\u00a0\u00bb level=\u00a0\u00bb60%\u00a0\u00bb _builder_version=\u00a0\u00bb4.27.2&Prime; global_colors_info=\u00a0\u00bb{}\u00a0\u00bb][\/ba_skill_bar_child][ba_skill_bar_child level_bg_color=\u00a0\u00bb#C71F1A\u00a0\u00bb name=\u00a0\u00bbE-commerce\u00a0\u00bb level=\u00a0\u00bb65%\u00a0\u00bb _builder_version=\u00a0\u00bb4.27.2&Prime; global_colors_info=\u00a0\u00bb{}\u00a0\u00bb][\/ba_skill_bar_child][\/ba_skill_bar][\/et_pb_column][\/et_pb_row][et_pb_row _builder_version=\u00a0\u00bb4.27.2&Prime; _module_preset=\u00a0\u00bbdefault\u00a0\u00bb width=\u00a0\u00bb95%\u00a0\u00bb max_width=\u00a0\u00bb1498px\u00a0\u00bb custom_margin=\u00a0\u00bb71px|auto||auto||\u00a0\u00bb animation_style=\u00a0\u00bbzoom\u00a0\u00bb global_colors_info=\u00a0\u00bb{}\u00a0\u00bb][et_pb_column type=\u00a0\u00bb4_4&Prime; _builder_version=\u00a0\u00bb4.27.2&Prime; _module_preset=\u00a0\u00bbdefault\u00a0\u00bb global_colors_info=\u00a0\u00bb{}\u00a0\u00bb][et_pb_text _builder_version=\u00a0\u00bb4.27.2&Prime; _module_preset=\u00a0\u00bbdefault\u00a0\u00bb custom_margin=\u00a0\u00bb||-3px|||\u00a0\u00bb global_colors_info=\u00a0\u00bb{}\u00a0\u00bb]<\/p>\n<h3><span style=\"color: #0a0000;\">Les outils que je ma\u00eetrise&#8230;<\/span><\/h3>\n<p>[\/et_pb_text][ba_logo_carousel slide_count=\u00a0\u00bb4&Prime; nav_height=\u00a0\u00bb48px\u00a0\u00bb nav_width=\u00a0\u00bb48px\u00a0\u00bb nav_color=\u00a0\u00bb#ffffff\u00a0\u00bb nav_bg=\u00a0\u00bb#C71F1A\u00a0\u00bb icon_left=\u00a0\u00bb&#xf104;||fa||900&Prime; icon_right=\u00a0\u00bb&#xf105;||fa||900&Prime; _builder_version=\u00a0\u00bb4.27.2&Prime; _module_preset=\u00a0\u00bbdefault\u00a0\u00bb width=\u00a0\u00bb100%\u00a0\u00bb max_width=\u00a0\u00bb64%\u00a0\u00bb module_alignment=\u00a0\u00bbcenter\u00a0\u00bb min_height=\u00a0\u00bb341px\u00a0\u00bb height=\u00a0\u00bb312px\u00a0\u00bb max_height=\u00a0\u00bb332px\u00a0\u00bb custom_margin=\u00a0\u00bb-50px|-204px||200px|false|false\u00a0\u00bb custom_padding=\u00a0\u00bb56px||||false|false\u00a0\u00bb global_colors_info=\u00a0\u00bb{}\u00a0\u00bb][ba_logo_carousel_child logo=\u00a0\u00bbhttp:\/\/stevenlf.fr\/wp-content\/uploads\/2024\/10\/Logo-Amazon-Seller.png\u00a0\u00bb _builder_version=\u00a0\u00bb4.27.2&Prime; global_colors_info=\u00a0\u00bb{}\u00a0\u00bb][\/ba_logo_carousel_child][ba_logo_carousel_child logo=\u00a0\u00bbhttp:\/\/stevenlf.fr\/wp-content\/uploads\/2024\/10\/Logo-canva.png\u00a0\u00bb _builder_version=\u00a0\u00bb4.27.2&Prime; global_colors_info=\u00a0\u00bb{}\u00a0\u00bb][\/ba_logo_carousel_child][ba_logo_carousel_child logo=\u00a0\u00bbhttp:\/\/stevenlf.fr\/wp-content\/uploads\/2024\/10\/logo-office.png\u00a0\u00bb _builder_version=\u00a0\u00bb4.27.2&Prime; global_colors_info=\u00a0\u00bb{}\u00a0\u00bb][\/ba_logo_carousel_child][ba_logo_carousel_child logo=\u00a0\u00bbhttp:\/\/stevenlf.fr\/wp-content\/uploads\/2024\/10\/Logo-gmb.png\u00a0\u00bb _builder_version=\u00a0\u00bb4.27.2&Prime; global_colors_info=\u00a0\u00bb{}\u00a0\u00bb][\/ba_logo_carousel_child][ba_logo_carousel_child logo=\u00a0\u00bbhttp:\/\/stevenlf.fr\/wp-content\/uploads\/2024\/10\/Logo-Google-Ads.png\u00a0\u00bb _builder_version=\u00a0\u00bb4.27.2&Prime; global_colors_info=\u00a0\u00bb{}\u00a0\u00bb][\/ba_logo_carousel_child][ba_logo_carousel_child logo=\u00a0\u00bbhttp:\/\/stevenlf.fr\/wp-content\/uploads\/2024\/10\/logo-google-suite.png\u00a0\u00bb _builder_version=\u00a0\u00bb4.27.2&Prime; global_colors_info=\u00a0\u00bb{}\u00a0\u00bb][\/ba_logo_carousel_child][ba_logo_carousel_child logo=\u00a0\u00bbhttp:\/\/stevenlf.fr\/wp-content\/uploads\/2024\/10\/logo-LinkedIn.png\u00a0\u00bb _builder_version=\u00a0\u00bb4.27.2&Prime; _module_preset=\u00a0\u00bbdefault\u00a0\u00bb global_colors_info=\u00a0\u00bb{}\u00a0\u00bb][\/ba_logo_carousel_child][ba_logo_carousel_child logo=\u00a0\u00bbhttp:\/\/stevenlf.fr\/wp-content\/uploads\/2024\/10\/logo-semrush.png\u00a0\u00bb _builder_version=\u00a0\u00bb4.27.2&Prime; _module_preset=\u00a0\u00bbdefault\u00a0\u00bb global_colors_info=\u00a0\u00bb{}\u00a0\u00bb][\/ba_logo_carousel_child][ba_logo_carousel_child logo=\u00a0\u00bbhttp:\/\/stevenlf.fr\/wp-content\/uploads\/2024\/10\/logo-tiktok.png\u00a0\u00bb _builder_version=\u00a0\u00bb4.27.2&Prime; _module_preset=\u00a0\u00bbdefault\u00a0\u00bb global_colors_info=\u00a0\u00bb{}\u00a0\u00bb][\/ba_logo_carousel_child][ba_logo_carousel_child logo=\u00a0\u00bbhttp:\/\/stevenlf.fr\/wp-content\/uploads\/2024\/10\/logo-wordpress.png\u00a0\u00bb _builder_version=\u00a0\u00bb4.27.2&Prime; _module_preset=\u00a0\u00bbdefault\u00a0\u00bb global_colors_info=\u00a0\u00bb{}\u00a0\u00bb][\/ba_logo_carousel_child][ba_logo_carousel_child logo=\u00a0\u00bbhttp:\/\/stevenlf.fr\/wp-content\/uploads\/2024\/10\/logo-meta.png\u00a0\u00bb _builder_version=\u00a0\u00bb4.27.2&Prime; _module_preset=\u00a0\u00bbdefault\u00a0\u00bb global_colors_info=\u00a0\u00bb{}\u00a0\u00bb][\/ba_logo_carousel_child][\/ba_logo_carousel][\/et_pb_column][\/et_pb_row][\/et_pb_section]<\/p>\n","protected":false},"excerpt":{"rendered":"<p>Steven LE FALHERHello, moi c&rsquo;est Steven Le Falher, sp\u00e9cialis\u00e9 en marketing digital et design graphique, bas\u00e9 \u00e0 Rennes. Ce portfolio refl\u00e8te mon parcours, mes comp\u00e9tences, et mes projets les plus marquants. \u00c0 travers mon exp\u00e9rience en tant que consultant freelance et mes collaborations avec diverses entreprises, j\u2019ai acquis une expertise solide dans des domaines vari\u00e9s, [&hellip;]<\/p>\n","protected":false},"author":1,"featured_media":0,"parent":0,"menu_order":0,"comment_status":"closed","ping_status":"closed","template":"","meta":{"_et_pb_use_builder":"on","_et_pb_old_content":"","_et_gb_content_width":"","footnotes":""},"class_list":["post-52","page","type-page","status-publish","hentry"],"yoast_head":"<!-- This site is optimized with the Yoast SEO plugin v27.3 - https:\/\/yoast.com\/product\/yoast-seo-wordpress\/ -->\n<title>\u00c0 propos - stevenlf<\/title>\n<meta name=\"robots\" content=\"index, follow, max-snippet:-1, max-image-preview:large, max-video-preview:-1\" \/>\n<link rel=\"canonical\" href=\"https:\/\/stevenlf.fr\/index.php\/about\/\" \/>\n<meta property=\"og:locale\" content=\"fr_FR\" \/>\n<meta property=\"og:type\" content=\"article\" \/>\n<meta property=\"og:title\" content=\"\u00c0 propos - stevenlf\" \/>\n<meta property=\"og:description\" content=\"Steven LE FALHERHello, moi c&#039;est Steven Le Falher, sp\u00e9cialis\u00e9 en marketing digital et design graphique, bas\u00e9 \u00e0 Rennes. Ce portfolio refl\u00e8te mon parcours, mes comp\u00e9tences, et mes projets les plus marquants. \u00c0 travers mon exp\u00e9rience en tant que consultant freelance et mes collaborations avec diverses entreprises, j\u2019ai acquis une expertise solide dans des domaines vari\u00e9s, [&hellip;]\" \/>\n<meta property=\"og:url\" content=\"https:\/\/stevenlf.fr\/index.php\/about\/\" \/>\n<meta property=\"og:site_name\" content=\"stevenlf\" \/>\n<meta property=\"article:modified_time\" content=\"2024-10-25T17:05:33+00:00\" \/>\n<meta name=\"twitter:card\" content=\"summary_large_image\" \/>\n<meta name=\"twitter:label1\" content=\"Dur\u00e9e de lecture estim\u00e9e\" \/>\n\t<meta name=\"twitter:data1\" content=\"1 minute\" \/>\n<script type=\"application\/ld+json\" class=\"yoast-schema-graph\">{\"@context\":\"https:\\\/\\\/schema.org\",\"@graph\":[{\"@type\":\"WebPage\",\"@id\":\"https:\\\/\\\/stevenlf.fr\\\/index.php\\\/about\\\/\",\"url\":\"https:\\\/\\\/stevenlf.fr\\\/index.php\\\/about\\\/\",\"name\":\"\u00c0 propos - stevenlf\",\"isPartOf\":{\"@id\":\"https:\\\/\\\/stevenlf.fr\\\/#website\"},\"datePublished\":\"2024-10-19T15:55:47+00:00\",\"dateModified\":\"2024-10-25T17:05:33+00:00\",\"breadcrumb\":{\"@id\":\"https:\\\/\\\/stevenlf.fr\\\/index.php\\\/about\\\/#breadcrumb\"},\"inLanguage\":\"fr-FR\",\"potentialAction\":[{\"@type\":\"ReadAction\",\"target\":[\"https:\\\/\\\/stevenlf.fr\\\/index.php\\\/about\\\/\"]}]},{\"@type\":\"BreadcrumbList\",\"@id\":\"https:\\\/\\\/stevenlf.fr\\\/index.php\\\/about\\\/#breadcrumb\",\"itemListElement\":[{\"@type\":\"ListItem\",\"position\":1,\"name\":\"Accueil\",\"item\":\"https:\\\/\\\/stevenlf.fr\\\/\"},{\"@type\":\"ListItem\",\"position\":2,\"name\":\"\u00c0 propos\"}]},{\"@type\":\"WebSite\",\"@id\":\"https:\\\/\\\/stevenlf.fr\\\/#website\",\"url\":\"https:\\\/\\\/stevenlf.fr\\\/\",\"name\":\"stevenlf\",\"description\":\"Portfolio\",\"potentialAction\":[{\"@type\":\"SearchAction\",\"target\":{\"@type\":\"EntryPoint\",\"urlTemplate\":\"https:\\\/\\\/stevenlf.fr\\\/?s={search_term_string}\"},\"query-input\":{\"@type\":\"PropertyValueSpecification\",\"valueRequired\":true,\"valueName\":\"search_term_string\"}}],\"inLanguage\":\"fr-FR\"}]}<\/script>\n<!-- \/ Yoast SEO plugin. -->","yoast_head_json":{"title":"\u00c0 propos - stevenlf","robots":{"index":"index","follow":"follow","max-snippet":"max-snippet:-1","max-image-preview":"max-image-preview:large","max-video-preview":"max-video-preview:-1"},"canonical":"https:\/\/stevenlf.fr\/index.php\/about\/","og_locale":"fr_FR","og_type":"article","og_title":"\u00c0 propos - stevenlf","og_description":"Steven LE FALHERHello, moi c'est Steven Le Falher, sp\u00e9cialis\u00e9 en marketing digital et design graphique, bas\u00e9 \u00e0 Rennes. Ce portfolio refl\u00e8te mon parcours, mes comp\u00e9tences, et mes projets les plus marquants. \u00c0 travers mon exp\u00e9rience en tant que consultant freelance et mes collaborations avec diverses entreprises, j\u2019ai acquis une expertise solide dans des domaines vari\u00e9s, [&hellip;]","og_url":"https:\/\/stevenlf.fr\/index.php\/about\/","og_site_name":"stevenlf","article_modified_time":"2024-10-25T17:05:33+00:00","twitter_card":"summary_large_image","twitter_misc":{"Dur\u00e9e de lecture estim\u00e9e":"1 minute"},"schema":{"@context":"https:\/\/schema.org","@graph":[{"@type":"WebPage","@id":"https:\/\/stevenlf.fr\/index.php\/about\/","url":"https:\/\/stevenlf.fr\/index.php\/about\/","name":"\u00c0 propos - stevenlf","isPartOf":{"@id":"https:\/\/stevenlf.fr\/#website"},"datePublished":"2024-10-19T15:55:47+00:00","dateModified":"2024-10-25T17:05:33+00:00","breadcrumb":{"@id":"https:\/\/stevenlf.fr\/index.php\/about\/#breadcrumb"},"inLanguage":"fr-FR","potentialAction":[{"@type":"ReadAction","target":["https:\/\/stevenlf.fr\/index.php\/about\/"]}]},{"@type":"BreadcrumbList","@id":"https:\/\/stevenlf.fr\/index.php\/about\/#breadcrumb","itemListElement":[{"@type":"ListItem","position":1,"name":"Accueil","item":"https:\/\/stevenlf.fr\/"},{"@type":"ListItem","position":2,"name":"\u00c0 propos"}]},{"@type":"WebSite","@id":"https:\/\/stevenlf.fr\/#website","url":"https:\/\/stevenlf.fr\/","name":"stevenlf","description":"Portfolio","potentialAction":[{"@type":"SearchAction","target":{"@type":"EntryPoint","urlTemplate":"https:\/\/stevenlf.fr\/?s={search_term_string}"},"query-input":{"@type":"PropertyValueSpecification","valueRequired":true,"valueName":"search_term_string"}}],"inLanguage":"fr-FR"}]}},"_links":{"self":[{"href":"https:\/\/stevenlf.fr\/index.php\/wp-json\/wp\/v2\/pages\/52","targetHints":{"allow":["GET"]}}],"collection":[{"href":"https:\/\/stevenlf.fr\/index.php\/wp-json\/wp\/v2\/pages"}],"about":[{"href":"https:\/\/stevenlf.fr\/index.php\/wp-json\/wp\/v2\/types\/page"}],"author":[{"embeddable":true,"href":"https:\/\/stevenlf.fr\/index.php\/wp-json\/wp\/v2\/users\/1"}],"replies":[{"embeddable":true,"href":"https:\/\/stevenlf.fr\/index.php\/wp-json\/wp\/v2\/comments?post=52"}],"version-history":[{"count":16,"href":"https:\/\/stevenlf.fr\/index.php\/wp-json\/wp\/v2\/pages\/52\/revisions"}],"predecessor-version":[{"id":414,"href":"https:\/\/stevenlf.fr\/index.php\/wp-json\/wp\/v2\/pages\/52\/revisions\/414"}],"wp:attachment":[{"href":"https:\/\/stevenlf.fr\/index.php\/wp-json\/wp\/v2\/media?parent=52"}],"curies":[{"name":"wp","href":"https:\/\/api.w.org\/{rel}","templated":true}]}}